{"id":10,"date":"2026-04-30T16:37:18","date_gmt":"2026-04-30T16:37:18","guid":{"rendered":"http:\/\/beewaer.com\/?page_id=10"},"modified":"2026-04-30T16:37:18","modified_gmt":"2026-04-30T16:37:18","slug":"pensez-a-demain","status":"publish","type":"page","link":"https:\/\/beewaer.com\/index.php\/pensez-a-demain\/","title":{"rendered":"Pensez \u00e0 demain."},"content":{"rendered":"\n<p class=\"is-style-text-subtitle is-style-text-subtitle--1\">Un plan qui s\u2019adapte \u00e0 votre famille, votre logement, votre budget.&nbsp;<\/p>\n\n\n\n<pre class=\"wp-block-preformatted\">Beewaer vous aide \u00e0 pr\u00e9parer votre foyer aux impr\u00e9vus, sans discours alarmiste, juste avec une m\u00e9thode claire et du mat\u00e9riel fiable.\n\nDans quelques jours, vous pourrez obtenir ici votre plan d\u2019\u00e9quipement personnalis\u00e9, con\u00e7u \u00e0 partir de votre situation r\u00e9elle.\n\nPas de liste copi\u00e9e-coll\u00e9e. Un vrai plan, humain, adapt\u00e9 \u00e0 ce dont vous avez vraiment besoin pour faire face, en toute confiance.<\/pre>\n\n\n\n<div class=\"wpcf7 no-js\" id=\"wpcf7-f6-o1\" lang=\"fr-FR\" dir=\"ltr\" data-wpcf7-id=\"6\">\n<div class=\"screen-reader-response\"><p role=\"status\" aria-live=\"polite\" aria-atomic=\"true\"><\/p> <ul><\/ul><\/div>\n<form action=\"\/index.php\/wp-json\/wp\/v2\/pages\/10#wpcf7-f6-o1\" method=\"post\" class=\"wpcf7-form init\" aria-label=\"Formulaire de contact\" novalidate=\"novalidate\" data-status=\"init\">\n<fieldset class=\"hidden-fields-container\"><input type=\"hidden\" name=\"_wpcf7\" value=\"6\" \/><input type=\"hidden\" name=\"_wpcf7_version\" value=\"6.1.5\" \/><input type=\"hidden\" name=\"_wpcf7_locale\" value=\"fr_FR\" \/><input type=\"hidden\" name=\"_wpcf7_unit_tag\" value=\"wpcf7-f6-o1\" \/><input type=\"hidden\" name=\"_wpcf7_container_post\" value=\"0\" \/><input type=\"hidden\" name=\"_wpcf7_posted_data_hash\" value=\"\" \/>\n<\/fieldset>\n<p><label> Votre email (obligatoire)<br \/>\n<span class=\"wpcf7-form-control-wrap\" data-name=\"your-email\"><input size=\"40\" maxlength=\"400\" class=\"wpcf7-form-control wpcf7-email wpcf7-validates-as-required wpcf7-text wpcf7-validates-as-email\" aria-required=\"true\" aria-invalid=\"false\" value=\"\" type=\"email\" name=\"your-email\" \/><\/span> <\/label><br \/>\n<input class=\"wpcf7-form-control wpcf7-submit has-spinner\" type=\"submit\" value=\"Je veux \u00eatre pr\u00eat\" \/>\n<\/p><div class=\"wpcf7-response-output\" aria-hidden=\"true\"><\/div>\n<\/form>\n<\/div>\n\n\n\n\n<p><\/p>\n","protected":false},"excerpt":{"rendered":"<p>Un plan qui s\u2019adapte \u00e0 votre famille, votre logement, votre budget.&nbsp; Beewaer vous aide \u00e0 pr\u00e9parer votre foyer aux impr\u00e9vus, sans discours alarmiste, juste avec une m\u00e9thode claire et du mat\u00e9riel fiable. Dans quelques jours, vous pourrez obtenir ici votre plan d\u2019\u00e9quipement personnalis\u00e9, con\u00e7u \u00e0 partir de votre situation r\u00e9elle. Pas de liste copi\u00e9e-coll\u00e9e. Un [&hellip;]<\/p>\n","protected":false},"author":1,"featured_media":0,"parent":0,"menu_order":0,"comment_status":"closed","ping_status":"closed","template":"","meta":{"footnotes":""},"class_list":["post-10","page","type-page","status-publish","hentry"],"_links":{"self":[{"href":"https:\/\/beewaer.com\/index.php\/wp-json\/wp\/v2\/pages\/10","targetHints":{"allow":["GET"]}}],"collection":[{"href":"https:\/\/beewaer.com\/index.php\/wp-json\/wp\/v2\/pages"}],"about":[{"href":"https:\/\/beewaer.com\/index.php\/wp-json\/wp\/v2\/types\/page"}],"author":[{"embeddable":true,"href":"https:\/\/beewaer.com\/index.php\/wp-json\/wp\/v2\/users\/1"}],"replies":[{"embeddable":true,"href":"https:\/\/beewaer.com\/index.php\/wp-json\/wp\/v2\/comments?post=10"}],"version-history":[{"count":2,"href":"https:\/\/beewaer.com\/index.php\/wp-json\/wp\/v2\/pages\/10\/revisions"}],"predecessor-version":[{"id":12,"href":"https:\/\/beewaer.com\/index.php\/wp-json\/wp\/v2\/pages\/10\/revisions\/12"}],"wp:attachment":[{"href":"https:\/\/beewaer.com\/index.php\/wp-json\/wp\/v2\/media?parent=10"}],"curies":[{"name":"wp","href":"https:\/\/api.w.org\/{rel}","templated":true}]}}